{"id":4816,"date":"2017-02-02T12:29:24","date_gmt":"2017-02-02T11:29:24","guid":{"rendered":"https:\/\/joaquimoliveras.com\/avis-legal"},"modified":"2024-08-01T06:48:34","modified_gmt":"2024-08-01T05:48:34","slug":"aviso-legal","status":"publish","type":"page","link":"https:\/\/joaquimoliveras.com\/es\/aviso-legal","title":{"rendered":"Aviso legal"},"content":{"rendered":"<div id='av_section_1'  class='avia-section av-20bsl1-91a89d3ffa9f2e47f231e99dc73bd6b9 main_color avia-section-large avia-no-border-styling  avia-builder-el-0  el_before_av_section  avia-builder-el-first  avia-bg-style-scroll container_wrap sidebar_right'  ><div class='container av-section-cont-open' ><main  role=\"main\" itemprop=\"mainContentOfPage\"  class='template-page content  av-content-small alpha units'><div class='post-entry post-entry-type-page post-entry-4816'><div class='entry-content-wrapper clearfix'>\n\n<style type=\"text\/css\" data-created_by=\"avia_inline_auto\" id=\"style-css-av-1vcfsl-55b1ef93822299d6ec565ac938df1e03\">\n#top .av-special-heading.av-1vcfsl-55b1ef93822299d6ec565ac938df1e03{\npadding-bottom:20px;\nfont-size:40px;\n}\nbody .av-special-heading.av-1vcfsl-55b1ef93822299d6ec565ac938df1e03 .av-special-heading-tag .heading-char{\nfont-size:25px;\n}\n#top #wrap_all .av-special-heading.av-1vcfsl-55b1ef93822299d6ec565ac938df1e03 .av-special-heading-tag{\nfont-size:40px;\n}\n.av-special-heading.av-1vcfsl-55b1ef93822299d6ec565ac938df1e03 .av-subheading{\nfont-size:15px;\n}\n\n@media only screen and (min-width: 480px) and (max-width: 767px){ \n#top #wrap_all .av-special-heading.av-1vcfsl-55b1ef93822299d6ec565ac938df1e03 .av-special-heading-tag{\nfont-size:0.8em;\n}\n}\n\n@media only screen and (max-width: 479px){ \n#top #wrap_all .av-special-heading.av-1vcfsl-55b1ef93822299d6ec565ac938df1e03 .av-special-heading-tag{\nfont-size:0.8em;\n}\n}\n<\/style>\n<div  class='av-special-heading av-1vcfsl-55b1ef93822299d6ec565ac938df1e03 av-special-heading-h2 blockquote modern-quote  avia-builder-el-1  el_before_av_hr  avia-builder-el-first  av-inherit-size'><h2 class='av-special-heading-tag '  itemprop=\"headline\"  >Aviso Legal<\/h2><div class=\"special-heading-border\"><div class=\"special-heading-inner-border\"><\/div><\/div><\/div>\n\n<style type=\"text\/css\" data-created_by=\"avia_inline_auto\" id=\"style-css-av-1qptc5-1cff84c8e10924ed5a1a6f58cf96ece6\">\n#top .hr.av-1qptc5-1cff84c8e10924ed5a1a6f58cf96ece6{\nmargin-top:10px;\nmargin-bottom:10px;\n}\n.hr.av-1qptc5-1cff84c8e10924ed5a1a6f58cf96ece6 .hr-inner{\nwidth:50px;\nborder-color:#000000;\n}\n<\/style>\n<div  class='hr av-1qptc5-1cff84c8e10924ed5a1a6f58cf96ece6 hr-custom  avia-builder-el-2  el_after_av_heading  avia-builder-el-last  hr-left hr-icon-no'><span class='hr-inner inner-border-av-border-fat'><span class=\"hr-inner-style\"><\/span><\/span><\/div>\n\n<\/div><\/div><\/main><!-- close content main element --><\/div><\/div><div id='av_section_2'  class='avia-section av-xvhph-4f27ba73babd3d712367fe119d435da7 main_color avia-section-no-padding avia-no-border-styling  avia-builder-el-3  el_after_av_section  avia-builder-el-last  avia-bg-style-scroll container_wrap sidebar_right'  ><div class='container av-section-cont-open' ><div class='template-page content  av-content-small alpha units'><div class='post-entry post-entry-type-page post-entry-4816'><div class='entry-content-wrapper clearfix'>\n\n<style type=\"text\/css\" data-created_by=\"avia_inline_auto\" id=\"style-css-av-ro7wd-9ccf810c8f150fb27c23b5a4884ec7ad\">\n.flex_column.av-ro7wd-9ccf810c8f150fb27c23b5a4884ec7ad{\nborder-radius:0px 0px 0px 0px;\npadding:0px 0px 0px 0px;\n}\n<\/style>\n<div  class='flex_column av-ro7wd-9ccf810c8f150fb27c23b5a4884ec7ad av_one_full  avia-builder-el-4  avia-builder-el-no-sibling  first flex_column_div av-zero-column-padding  '     ><p><section  class='av_textblock_section av-mc1ot-406845d0a5b83f3486c4011aa8189369 '   itemscope=\"itemscope\" itemtype=\"https:\/\/schema.org\/CreativeWork\" ><div class='avia_textblock'  itemprop=\"text\" ><p><strong>Ley de Servicios de la Sociedad de Informaci\u00f3n<\/strong><\/p>\n<p>En cumplimiento de lo que dispone el art\u00edculo 10 de la Ley de Servicios de la Sociedad de la Informaci\u00f3n y Comercio electr\u00f3nico (Ley 34\/2002) le informamos que Nova Oliveras S.L. lleva a cabo sus actividades en la calle Caterina Albert, 4-6, de Gerona. 17001 (Girona). Asimismo tambi\u00e9n puede localizarnos llamando al tel\u00e9fono +34 972 20 30 90.<br \/>\nEste sitio web se sujeta a las siguientes condiciones de uso por lo que le pedimos que las lea atentamente. Acceder a este sitio web y utilizar los materiales contenidos en \u00e9l implica que usted ha le\u00eddo y acepta, sin reserva alguna, estas condiciones. Use esta web y su informaci\u00f3n con sentido com\u00fan.<br \/>\nEn alg\u00fan caso, la utilizaci\u00f3n de alguno de los espacios o servicios contenidos aqu\u00ed puede estar sujeta a condiciones particulares. Lea atentamente estas condiciones, la utilizaci\u00f3n de estos servicios significar\u00e1 la aceptaci\u00f3n de las condiciones particulares que les sean de aplicaci\u00f3n.<\/p>\n<p><strong>Condiciones de uso de la web de NOVA OLIVERAS S.L.<\/strong><\/p>\n<p>Este sitio web contiene tanto materiales preparados por Nova Oliveras S.L. como por terceras. El visitante y el usuario deben tener en cuenta que estos materiales pueden no reflejar la informaci\u00f3n m\u00e1s reciente sobre los productos o materiales expuestos. Asimismo, estos materiales pueden ser modificados, desarrollados o actualizados sin previa notificaci\u00f3n.<br \/>\nLos enlaces contenidos en este sitio web pueden conducir al usuario a otros sitios y otras p\u00e1ginas web gestionados por terceros, sobre las que Nova Oliveras S.L. no ejerce ning\u00fan tipo de control. Nueva Oliveras S.L. no responde ni de los contenidos ni del estado de estos sitios y p\u00e1ginas web, y el acceso a las mismas a trav\u00e9s de este sitio web tampoco implica que Nova Oliveras S.L. recomiende o apruebe sus contenidos.<\/p>\n<p><strong>Limitaci\u00f3n de responsabilidad<\/strong><\/p>\n<p>Quien utiliza este sitio web, lo hace por su propia cuenta y riesgo. Nova Oliveras S.L., sus colaboradores, empleados y representantes no se responsabilizan de los errores u omisiones que pudieran sufrir los contenidos de este sitio web u otros contenidos a los que se pueda acceder a trav\u00e9s de la misma. Tampoco \u00e9stos podr\u00e1n ser considerados responsables por cualquier da\u00f1o derivado de la utilizaci\u00f3n de este sitio web, ni por cualquier actuaci\u00f3n realizada en base a la informaci\u00f3n que se facilita.<br \/>\nNueva Oliveras S.L. vela por que el c\u00f3digo fuente de su sitio web est\u00e9 ausente de l\u00edneas de programaci\u00f3n malignas (virus) que pudieran causar da\u00f1os o alteraciones en el sistema inform\u00e1tico, en los documentos electr\u00f3nicos o en los ficheros del visitante o usuario de este sitio web, aunque no puede garantizar que terceros (hackers) lo manipulen sin consentimiento. En consecuencia, Nova Oliveras S.L. no responde por los da\u00f1os y perjuicios que estos elementos pudieran ocasionar al usuario oa terceros.<\/p>\n<p><strong>Protecci\u00f3n de datos<\/strong><\/p>\n<p>La informaci\u00f3n que recibe Nova Oliveras S.L. de los usuarios de este sitio web, a trav\u00e9s del env\u00edo de correos electr\u00f3nicos o formularios se trata con la m\u00e1xima confidencialidad. En el caso de consultas, esta informaci\u00f3n es utilizada exclusivamente para responder a las cuestiones planteadas, y en el supuesto del env\u00edo de formularios curriculares, a fin de llevar a cabo la selecci\u00f3n de candidatos. La informaci\u00f3n recibida no es utilizada por ning\u00fan otro fin.<br \/>\nNueva Oliveras S.L. utiliza cookies\u00a0<a href=\"https:\/\/joaquimoliveras.com\/es\/politica-de-cookies\">(Consulte la Pol\u00edtica de Cookies)<\/a><br \/>\nEn relaci\u00f3n con los datos obtenidos en la forma prevista en los apartados anteriores, el usuario podr\u00e1 ejercitar los derechos reconocidos por la ley y, en particular, los derechos de acceso, rectificaci\u00f3n o cancelaci\u00f3n de datos y oposici\u00f3n, si resultare pertinente , as\u00ed como el derecho a revocar el consentimiento prestado para la cesi\u00f3n de sus datos. Estos derechos podr\u00e1n ser ejercitados por el usuario o, en su caso, por quien lo represente, mediante solicitud escrita y firmada, dirigida a Nova Oliveras S.L. en la direcci\u00f3n mencionada al inicio. La solicitud deber\u00e1 contener los siguientes datos: nombre y apellidos del usuario, domicilio a efectos de notificaciones, fotocopia del DNI o pasaporte, y contenido concreto del derecho ejercitado.<br \/>\nNueva Oliveras S.L. guardar\u00e1 los datos de car\u00e1cter personal recabados, y adoptar\u00e1 las medidas necesarias para evitar su alteraci\u00f3n, p\u00e9rdida, tratamiento o acceso no autorizados cumpliendo estos deberes de acuerdo con lo establecido en la normativa aplicable.<\/p>\n<p><strong>Copyright \u00a9 2024. Todos los derechos reservados<\/strong><\/p>\n<p>La totalidad del contenido de este sitio web, entre otros: textos, im\u00e1genes, sonido, archivos, marcas, logotipos, combinaciones de colores, o cualquier otro elemento, su estructura y dise\u00f1o, la selecci\u00f3n y forma de presentaci\u00f3n de los materiales incluidos en la misma, y \u200b\u200blos programas de ordenador necesarios para su funcionamiento, acceso y utilizaci\u00f3n, est\u00e1n protegidos por derechos de propiedad industrial e intelectual, titularidad de Nova Oliveras S.L. o, en su caso, de sus licenciados, que el usuario de este sitio web debe respetar.<br \/>\nEn particular, pero sin limitar la generalidad de la obligaci\u00f3n del usuario expresada en el p\u00e1rrafo anterior, quedan prohibidas la reproducci\u00f3n, salvo para uso privado, la transformaci\u00f3n, distribuci\u00f3n, comunicaci\u00f3n p\u00fablica, puesta a disposici\u00f3n del p\u00fablico y en general cualquiera otra forma de explotaci\u00f3n, por cualquier procedimiento, de todo o parte de los contenidos de este sitio web, as\u00ed como de su dise\u00f1o y selecci\u00f3n y forma de presentaci\u00f3n de los materiales incluidos en la misma. Estos actos de explotaci\u00f3n s\u00f3lo podr\u00e1n ser realizados si interviene la autorizaci\u00f3n expresa de Nova Oliveras S.L. y siempre que se haga referencia expl\u00edcita a la titularidad de \u00e9ste de los indicados derechos de propiedad intelectual.<br \/>\nQueda asimismo prohibido descompilar, desacoplar, realizar ingenier\u00eda inversa, sublicenciar o transmitir de cualquier modo, traducir o realizar obras derivadas de los programas de ordenador necesarios para el funcionamiento, acceso y utilizaci\u00f3n de este sitio web y de los servicios que contiene, as\u00ed como realizar, respecto a todo o parte de tales programas, cualesquiera de los actos de explotaci\u00f3n referidos en el p\u00e1rrafo anterior. El visitante o usuario del sitio web deber\u00e1 abstenerse en todo caso de suprimir, alterar, eludir o manipular cualquier dispositivo de protecci\u00f3n o sistemas de seguridad que puedan estar instalados o alojados en el servidor.<\/p>\n<\/div><\/section><br \/>\n\n<style type=\"text\/css\" data-created_by=\"avia_inline_auto\" id=\"style-css-av-lyic6xrt-fce6612da83b91a968ba27a6117a135b\">\n#top .hr.hr-invisible.av-lyic6xrt-fce6612da83b91a968ba27a6117a135b{\nheight:50px;\n}\n<\/style>\n<div  class='hr av-lyic6xrt-fce6612da83b91a968ba27a6117a135b hr-invisible  avia-builder-el-6  el_after_av_textblock  avia-builder-el-last '><span class='hr-inner '><span class=\"hr-inner-style\"><\/span><\/span><\/div><\/p><\/div><\/div><\/div><\/div><!-- close content main div --><\/div><\/div><div id='after_section_2'  class='main_color av_default_container_wrap container_wrap sidebar_right'  ><div class='container av-section-cont-open' ><div class='template-page content  av-content-small alpha units'><div class='post-entry post-entry-type-page post-entry-4816'><div class='entry-content-wrapper clearfix'>\n","protected":false},"excerpt":{"rendered":"","protected":false},"author":1,"featured_media":0,"parent":0,"menu_order":0,"comment_status":"closed","ping_status":"closed","template":"","meta":{"footnotes":""},"class_list":["post-4816","page","type-page","status-publish","hentry"],"_links":{"self":[{"href":"https:\/\/joaquimoliveras.com\/es\/wp-json\/wp\/v2\/pages\/4816","targetHints":{"allow":["GET"]}}],"collection":[{"href":"https:\/\/joaquimoliveras.com\/es\/wp-json\/wp\/v2\/pages"}],"about":[{"href":"https:\/\/joaquimoliveras.com\/es\/wp-json\/wp\/v2\/types\/page"}],"author":[{"embeddable":true,"href":"https:\/\/joaquimoliveras.com\/es\/wp-json\/wp\/v2\/users\/1"}],"replies":[{"embeddable":true,"href":"https:\/\/joaquimoliveras.com\/es\/wp-json\/wp\/v2\/comments?post=4816"}],"version-history":[{"count":8,"href":"https:\/\/joaquimoliveras.com\/es\/wp-json\/wp\/v2\/pages\/4816\/revisions"}],"predecessor-version":[{"id":4861,"href":"https:\/\/joaquimoliveras.com\/es\/wp-json\/wp\/v2\/pages\/4816\/revisions\/4861"}],"wp:attachment":[{"href":"https:\/\/joaquimoliveras.com\/es\/wp-json\/wp\/v2\/media?parent=4816"}],"curies":[{"name":"wp","href":"https:\/\/api.w.org\/{rel}","templated":true}]}}